{"id":213,"date":"2026-03-21T12:06:14","date_gmt":"2026-03-21T11:06:14","guid":{"rendered":"https:\/\/horizonrm.pl\/?page_id=213"},"modified":"2026-03-21T14:53:29","modified_gmt":"2026-03-21T13:53:29","slug":"zarzadzanie-nieruchomosciami","status":"publish","type":"page","link":"https:\/\/horizonrm.pl\/?page_id=213","title":{"rendered":"Zarz\u0105dzanie Nieruchomo\u015bciami"},"content":{"rendered":"\n<h3 class=\"wp-block-heading\">Profesjonalne zarz\u0105dzanie nieruchomo\u015bciami. 16 lat do\u015bwiadczenia<\/h3>\n\n\n\n<div class=\"wp-block-cover alignwide\" style=\"min-height:142px;aspect-ratio:unset;\"><img loading=\"lazy\" decoding=\"async\" width=\"683\" height=\"1024\" class=\"wp-block-cover__image-background wp-image-72\" alt=\"\" src=\"https:\/\/horizonrm.pl\/wp-content\/uploads\/2024\/08\/joel-filipe-GI_-TWgI5ao-unsplash-683x1024.jpg\" data-object-fit=\"cover\" srcset=\"https:\/\/horizonrm.pl\/wp-content\/uploads\/2024\/08\/joel-filipe-GI_-TWgI5ao-unsplash-683x1024.jpg 683w, https:\/\/horizonrm.pl\/wp-content\/uploads\/2024\/08\/joel-filipe-GI_-TWgI5ao-unsplash-200x300.jpg 200w, https:\/\/horizonrm.pl\/wp-content\/uploads\/2024\/08\/joel-filipe-GI_-TWgI5ao-unsplash-768x1152.jpg 768w, https:\/\/horizonrm.pl\/wp-content\/uploads\/2024\/08\/joel-filipe-GI_-TWgI5ao-unsplash-1024x1536.jpg 1024w, https:\/\/horizonrm.pl\/wp-content\/uploads\/2024\/08\/joel-filipe-GI_-TWgI5ao-unsplash-1365x2048.jpg 1365w, https:\/\/horizonrm.pl\/wp-content\/uploads\/2024\/08\/joel-filipe-GI_-TWgI5ao-unsplash-scaled.jpg 1707w\" sizes=\"auto, (max-width: 683px) 100vw, 683px\" \/><span aria-hidden=\"true\" class=\"wp-block-cover__background has-background-dim\"><\/span><div class=\"wp-block-cover__inner-container is-layout-flow wp-block-cover-is-layout-flow\">\n<p class=\"has-text-align-center has-large-font-size\"><\/p>\n\n\n\n<h3 class=\"wp-block-heading has-text-align-left\"><mark style=\"background-color:rgba(0, 0, 0, 0)\" class=\"has-inline-color has-white-color\">Od wsp\u00f3lnot mieszkaniowych po centra handlowe i obiekty wielkoformatowe. Zapewniamy optymalizacj\u0119 koszt\u00f3w, bezpiecze\u0144stwo techniczne i stabilny wzrost warto\u015bci Twojego obiektu.<\/mark><\/h3>\n<\/div><\/div>\n\n\n\n<h2 class=\"wp-block-heading has-text-align-center\">Nasza Specjalizacja<\/h2>\n\n\n\n<div class=\"wp-block-columns is-layout-flex wp-container-core-columns-is-layout-28f84493 wp-block-columns-is-layout-flex\">\n<div class=\"wp-block-column is-layout-flow wp-block-column-is-layout-flow\">\n<h4 class=\"wp-block-heading has-text-align-center\">Wsp\u00f3lnoty Mieszkaniowe<\/h4>\n\n\n\n<details class=\"wp-block-details is-layout-flow wp-block-details-is-layout-flow\"><summary>Znamy dynamik\u0119 \u017cycia we wsp\u00f3lnotach. Stawiamy na przejrzysto\u015b\u0107 rozlicze\u0144, sprawn\u0105 komunikacj\u0119 z mieszka\u0144cami oraz szybk\u0105 likwidacj\u0119 awarii. Naszym celem jest podnoszenie standardu \u017cycia i warto\u015bci nieruchomo\u015bci.<\/summary>\n<p><\/p>\n<\/details>\n<\/div>\n\n\n\n<div class=\"wp-block-column is-layout-flow wp-block-column-is-layout-flow\">\n<h4 class=\"wp-block-heading\">Obiekty Komercyjne i Retail<\/h4>\n\n\n\n<details class=\"wp-block-details is-layout-flow wp-block-details-is-layout-flow\"><summary>Centra handlowe i biurowce wymagaj\u0105 perfekcyjnej logistyki operacyjnej. Zarz\u0105dzamy procesami tak, aby najemcy mogli skupi\u0107 si\u0119 na swoim biznesie, a w\u0142a\u015bciciele cieszyli si\u0119 zoptymalizowanymi kosztami utrzymania.<\/summary>\n<p><\/p>\n<\/details>\n<\/div>\n\n\n\n<div class=\"wp-block-column is-layout-flow wp-block-column-is-layout-flow\">\n<h4 class=\"wp-block-heading\">Powierzchnie Wielkoformatowe<\/h4>\n\n\n\n<details class=\"wp-block-details is-layout-flow wp-block-details-is-layout-flow\"><summary>Hale magazynowe i obiekty przemys\u0142owe to serce logistyki. Zapewniamy profesjonalny nadz\u00f3r techniczny nad skomplikowan\u0105 infrastruktur\u0105, gwarantuj\u0105c ci\u0105g\u0142o\u015b\u0107 operacyjn\u0105 obiektu 24\/7.<\/summary>\n<p><\/p>\n<\/details>\n<\/div>\n<\/div>\n\n\n\n<div class=\"wp-block-cover alignwide is-light has-white-color has-text-color\" style=\"margin-top:0;padding-top:4vw;padding-right:4vw;padding-bottom:4vw;padding-left:4vw;min-height:66vh;aspect-ratio:unset;\"><span aria-hidden=\"true\" class=\"wp-block-cover__background has-black-background-color has-background-dim\"><\/span><div class=\"wp-block-cover__inner-container is-layout-flow wp-block-cover-is-layout-flow\">\n<h2 data-wp-context---core-fit-text=\"core\/fit-text::{&quot;fontSize&quot;:&quot;&quot;}\" data-wp-init---core-fit-text=\"core\/fit-text::callbacks.init\" data-wp-interactive data-wp-style--font-size=\"core\/fit-text::context.fontSize\" class=\"wp-block-heading has-fit-text\">Zarz\u0105dzanie to odpowiedzialno\u015b\u0107.<\/h2>\n\n\n\n<h2 class=\"wp-block-heading has-text-align-right\">W bran\u017cy nieruchomo\u015bci dzia\u0142amy od <strong>16 lat<\/strong>. Przez ten czas nauczyli\u015bmy si\u0119, \u017ce kluczem do sukcesu nie jest administrowanie, ale aktywne zarz\u0105dzanie. Co nas wyr\u00f3\u017cnia?<\/h2>\n\n\n\n<div class=\"wp-block-group is-nowrap is-layout-flex wp-container-core-group-is-layout-6c531013 wp-block-group-is-layout-flex\">\n<pre class=\"wp-block-verse\"><strong>Optymalizacja Koszt\u00f3w:<\/strong> Regularne audyty medi\u00f3w i um\u00f3w serwisowych <br>pozwalaj\u0105 nam realnie obni\u017ca\u0107 czynsze i koszty utrzymania cz\u0119\u015bci wsp\u00f3lnych.<\/pre>\n\n\n\n<div class=\"wp-block-group has-global-padding is-content-justification-left is-layout-constrained wp-container-core-group-is-layout-d7e6ce0a wp-block-group-is-layout-constrained\"><\/div>\n<\/div>\n\n\n\n<pre class=\"wp-block-verse has-text-align-right\"><strong>Bezpiecze\u0144stwo Techniczne:<\/strong> Prowadzimy rygorystyczny nadz\u00f3r nad przegl\u0105dami i konserwacj\u0105. <br>Zapobiegamy awariom, zanim si\u0119 pojawi\u0105.<\/pre>\n\n\n\n<pre class=\"wp-block-verse\"><strong>Wsparcie Prawne i Ubezpieczeniowe:<\/strong> Jako Sp\u00f3\u0142ka z o.o. posiadamy pe\u0142ne ubezpieczenie OC zarz\u0105dcy. Gwarantujemy zgodno\u015b\u0107 z aktualnymi przepisami prawa budowlanego.<\/pre>\n\n\n\n<hr class=\"wp-block-separator has-alpha-channel-opacity\"\/>\n<\/div><\/div>\n\n\n\n<h2 data-wp-context---core-fit-text=\"core\/fit-text::{&quot;fontSize&quot;:&quot;&quot;}\" data-wp-init---core-fit-text=\"core\/fit-text::callbacks.init\" data-wp-interactive data-wp-style--font-size=\"core\/fit-text::context.fontSize\" class=\"wp-block-heading has-fit-text\">Logistyka wspiera zarz\u0105dzanie.<\/h2>\n\n\n\n<pre class=\"wp-block-verse has-text-align-left\">Dzi\u0119ki posiadaniu w\u0142asnej floty transportowej (od 8 do 40 ton) oraz uprawnie\u0144 ADR i BDO, Horizon RM Solutions oferuje unikaln\u0105 na rynku synergi\u0119. Jeste\u015bmy w stanie nie tylko zarz\u0105dza\u0107 Twoim obiektem, ale r\u00f3wnie\u017c sprawnie zorganizowa\u0107 transport materia\u0142\u00f3w, odbi\u00f3r odpad\u00f3w czy logistyk\u0119 dostaw dla Twoich najemc\u00f3w. Jeden partner \u2013 komplet rozwi\u0105za\u0144.<\/pre>\n\n\n\n<figure class=\"wp-block-image aligncenter size-full\"><img loading=\"lazy\" decoding=\"async\" width=\"854\" height=\"480\" src=\"https:\/\/horizonrm.pl\/wp-content\/uploads\/2026\/03\/Jasnoniebieska-Czarna-Nowoczesna-Minimalistyczna-Portfolio-Fotografia-Strona-Internetowa.png\" alt=\"\" class=\"wp-image-265\" srcset=\"https:\/\/horizonrm.pl\/wp-content\/uploads\/2026\/03\/Jasnoniebieska-Czarna-Nowoczesna-Minimalistyczna-Portfolio-Fotografia-Strona-Internetowa.png 854w, https:\/\/horizonrm.pl\/wp-content\/uploads\/2026\/03\/Jasnoniebieska-Czarna-Nowoczesna-Minimalistyczna-Portfolio-Fotografia-Strona-Internetowa-300x169.png 300w, https:\/\/horizonrm.pl\/wp-content\/uploads\/2026\/03\/Jasnoniebieska-Czarna-Nowoczesna-Minimalistyczna-Portfolio-Fotografia-Strona-Internetowa-768x432.png 768w\" sizes=\"auto, (max-width: 854px) 100vw, 854px\" \/><\/figure>\n","protected":false},"excerpt":{"rendered":"<p>Profesjonalne zarz\u0105dzanie nieruchomo\u015bciami. 16 lat do\u015bwiadczenia Nasza Specjalizacja Wsp\u00f3lnoty Mieszkaniowe Obiekty Komercyjne i Retail Powierzchnie Wielkoformatowe Logistyka wspiera zarz\u0105dzanie. Dzi\u0119ki posiadaniu w\u0142asnej floty transportowej (od 8 do 40 ton) oraz uprawnie\u0144 ADR i BDO, Horizon RM Solutions oferuje unikaln\u0105 na rynku synergi\u0119. Jeste\u015bmy w stanie nie tylko zarz\u0105dza\u0107 Twoim obiektem, ale r\u00f3wnie\u017c sprawnie zorganizowa\u0107 transport [&hellip;]<\/p>\n","protected":false},"author":1,"featured_media":0,"parent":0,"menu_order":0,"comment_status":"closed","ping_status":"closed","template":"","meta":{"footnotes":""},"class_list":["post-213","page","type-page","status-publish","hentry"],"yoast_head":"<!-- This site is optimized with the Yoast SEO plugin v27.2 - https:\/\/yoast.com\/product\/yoast-seo-wordpress\/ -->\n<title>Zarz\u0105dzanie Nieruchomo\u015bciami - Horizon RM Solutions Sp. z o.o.<\/title>\n<meta name=\"robots\" content=\"index, follow, max-snippet:-1, max-image-preview:large, max-video-preview:-1\" \/>\n<link rel=\"canonical\" href=\"https:\/\/horizonrm.pl\/?page_id=213\" \/>\n<meta property=\"og:locale\" content=\"pl_PL\" \/>\n<meta property=\"og:type\" content=\"article\" \/>\n<meta property=\"og:title\" content=\"Zarz\u0105dzanie Nieruchomo\u015bciami - Horizon RM Solutions Sp. z o.o.\" \/>\n<meta property=\"og:description\" content=\"Profesjonalne zarz\u0105dzanie nieruchomo\u015bciami. 16 lat do\u015bwiadczenia Nasza Specjalizacja Wsp\u00f3lnoty Mieszkaniowe Obiekty Komercyjne i Retail Powierzchnie Wielkoformatowe Logistyka wspiera zarz\u0105dzanie. Dzi\u0119ki posiadaniu w\u0142asnej floty transportowej (od 8 do 40 ton) oraz uprawnie\u0144 ADR i BDO, Horizon RM Solutions oferuje unikaln\u0105 na rynku synergi\u0119. Jeste\u015bmy w stanie nie tylko zarz\u0105dza\u0107 Twoim obiektem, ale r\u00f3wnie\u017c sprawnie zorganizowa\u0107 transport [&hellip;]\" \/>\n<meta property=\"og:url\" content=\"https:\/\/horizonrm.pl\/?page_id=213\" \/>\n<meta property=\"og:site_name\" content=\"Horizon RM Solutions Sp. z o.o.\" \/>\n<meta property=\"article:modified_time\" content=\"2026-03-21T13:53:29+00:00\" \/>\n<meta property=\"og:image\" content=\"https:\/\/horizonrm.pl\/wp-content\/uploads\/2024\/08\/joel-filipe-GI_-TWgI5ao-unsplash-scaled.jpg\" \/>\n\t<meta property=\"og:image:width\" content=\"1707\" \/>\n\t<meta property=\"og:image:height\" content=\"2560\" \/>\n\t<meta property=\"og:image:type\" content=\"image\/jpeg\" \/>\n<meta name=\"twitter:card\" content=\"summary_large_image\" \/>\n<meta name=\"twitter:label1\" content=\"Szacowany czas czytania\" \/>\n\t<meta name=\"twitter:data1\" content=\"2 minuty\" \/>\n<script type=\"application\/ld+json\" class=\"yoast-schema-graph\">{\"@context\":\"https:\/\/schema.org\",\"@graph\":[{\"@type\":\"WebPage\",\"@id\":\"https:\/\/horizonrm.pl\/?page_id=213\",\"url\":\"https:\/\/horizonrm.pl\/?page_id=213\",\"name\":\"Zarz\u0105dzanie Nieruchomo\u015bciami - Horizon RM Solutions Sp. z o.o.\",\"isPartOf\":{\"@id\":\"https:\/\/horizonrm.pl\/#website\"},\"primaryImageOfPage\":{\"@id\":\"https:\/\/horizonrm.pl\/?page_id=213#primaryimage\"},\"image\":{\"@id\":\"https:\/\/horizonrm.pl\/?page_id=213#primaryimage\"},\"thumbnailUrl\":\"https:\/\/horizonrm.pl\/wp-content\/uploads\/2024\/08\/joel-filipe-GI_-TWgI5ao-unsplash-683x1024.jpg\",\"datePublished\":\"2026-03-21T11:06:14+00:00\",\"dateModified\":\"2026-03-21T13:53:29+00:00\",\"breadcrumb\":{\"@id\":\"https:\/\/horizonrm.pl\/?page_id=213#breadcrumb\"},\"inLanguage\":\"pl-PL\",\"potentialAction\":[{\"@type\":\"ReadAction\",\"target\":[\"https:\/\/horizonrm.pl\/?page_id=213\"]}]},{\"@type\":\"ImageObject\",\"inLanguage\":\"pl-PL\",\"@id\":\"https:\/\/horizonrm.pl\/?page_id=213#primaryimage\",\"url\":\"https:\/\/horizonrm.pl\/wp-content\/uploads\/2024\/08\/joel-filipe-GI_-TWgI5ao-unsplash-scaled.jpg\",\"contentUrl\":\"https:\/\/horizonrm.pl\/wp-content\/uploads\/2024\/08\/joel-filipe-GI_-TWgI5ao-unsplash-scaled.jpg\",\"width\":1707,\"height\":2560},{\"@type\":\"BreadcrumbList\",\"@id\":\"https:\/\/horizonrm.pl\/?page_id=213#breadcrumb\",\"itemListElement\":[{\"@type\":\"ListItem\",\"position\":1,\"name\":\"Strona g\u0142\u00f3wna\",\"item\":\"https:\/\/horizonrm.pl\/\"},{\"@type\":\"ListItem\",\"position\":2,\"name\":\"Zarz\u0105dzanie Nieruchomo\u015bciami\"}]},{\"@type\":\"WebSite\",\"@id\":\"https:\/\/horizonrm.pl\/#website\",\"url\":\"https:\/\/horizonrm.pl\/\",\"name\":\"Horizon RM Solutions Sp. z o.o.\",\"description\":\"\",\"publisher\":{\"@id\":\"https:\/\/horizonrm.pl\/#organization\"},\"potentialAction\":[{\"@type\":\"SearchAction\",\"target\":{\"@type\":\"EntryPoint\",\"urlTemplate\":\"https:\/\/horizonrm.pl\/?s={search_term_string}\"},\"query-input\":{\"@type\":\"PropertyValueSpecification\",\"valueRequired\":true,\"valueName\":\"search_term_string\"}}],\"inLanguage\":\"pl-PL\"},{\"@type\":\"Organization\",\"@id\":\"https:\/\/horizonrm.pl\/#organization\",\"name\":\"Horizon RM Solutions Sp. z o.o.\",\"url\":\"https:\/\/horizonrm.pl\/\",\"logo\":{\"@type\":\"ImageObject\",\"inLanguage\":\"pl-PL\",\"@id\":\"https:\/\/horizonrm.pl\/#\/schema\/logo\/image\/\",\"url\":\"https:\/\/horizonrm.pl\/wp-content\/uploads\/2026\/03\/Gemini_Generated_Image_w2q7m6w2q7m6w2q7-1-edited.png\",\"contentUrl\":\"https:\/\/horizonrm.pl\/wp-content\/uploads\/2026\/03\/Gemini_Generated_Image_w2q7m6w2q7m6w2q7-1-edited.png\",\"width\":1901,\"height\":1603,\"caption\":\"Horizon RM Solutions Sp. z o.o.\"},\"image\":{\"@id\":\"https:\/\/horizonrm.pl\/#\/schema\/logo\/image\/\"}}]}<\/script>\n<!-- \/ Yoast SEO plugin. -->","yoast_head_json":{"title":"Zarz\u0105dzanie Nieruchomo\u015bciami - Horizon RM Solutions Sp. z o.o.","robots":{"index":"index","follow":"follow","max-snippet":"max-snippet:-1","max-image-preview":"max-image-preview:large","max-video-preview":"max-video-preview:-1"},"canonical":"https:\/\/horizonrm.pl\/?page_id=213","og_locale":"pl_PL","og_type":"article","og_title":"Zarz\u0105dzanie Nieruchomo\u015bciami - Horizon RM Solutions Sp. z o.o.","og_description":"Profesjonalne zarz\u0105dzanie nieruchomo\u015bciami. 16 lat do\u015bwiadczenia Nasza Specjalizacja Wsp\u00f3lnoty Mieszkaniowe Obiekty Komercyjne i Retail Powierzchnie Wielkoformatowe Logistyka wspiera zarz\u0105dzanie. Dzi\u0119ki posiadaniu w\u0142asnej floty transportowej (od 8 do 40 ton) oraz uprawnie\u0144 ADR i BDO, Horizon RM Solutions oferuje unikaln\u0105 na rynku synergi\u0119. Jeste\u015bmy w stanie nie tylko zarz\u0105dza\u0107 Twoim obiektem, ale r\u00f3wnie\u017c sprawnie zorganizowa\u0107 transport [&hellip;]","og_url":"https:\/\/horizonrm.pl\/?page_id=213","og_site_name":"Horizon RM Solutions Sp. z o.o.","article_modified_time":"2026-03-21T13:53:29+00:00","og_image":[{"width":1707,"height":2560,"url":"https:\/\/horizonrm.pl\/wp-content\/uploads\/2024\/08\/joel-filipe-GI_-TWgI5ao-unsplash-scaled.jpg","type":"image\/jpeg"}],"twitter_card":"summary_large_image","twitter_misc":{"Szacowany czas czytania":"2 minuty"},"schema":{"@context":"https:\/\/schema.org","@graph":[{"@type":"WebPage","@id":"https:\/\/horizonrm.pl\/?page_id=213","url":"https:\/\/horizonrm.pl\/?page_id=213","name":"Zarz\u0105dzanie Nieruchomo\u015bciami - Horizon RM Solutions Sp. z o.o.","isPartOf":{"@id":"https:\/\/horizonrm.pl\/#website"},"primaryImageOfPage":{"@id":"https:\/\/horizonrm.pl\/?page_id=213#primaryimage"},"image":{"@id":"https:\/\/horizonrm.pl\/?page_id=213#primaryimage"},"thumbnailUrl":"https:\/\/horizonrm.pl\/wp-content\/uploads\/2024\/08\/joel-filipe-GI_-TWgI5ao-unsplash-683x1024.jpg","datePublished":"2026-03-21T11:06:14+00:00","dateModified":"2026-03-21T13:53:29+00:00","breadcrumb":{"@id":"https:\/\/horizonrm.pl\/?page_id=213#breadcrumb"},"inLanguage":"pl-PL","potentialAction":[{"@type":"ReadAction","target":["https:\/\/horizonrm.pl\/?page_id=213"]}]},{"@type":"ImageObject","inLanguage":"pl-PL","@id":"https:\/\/horizonrm.pl\/?page_id=213#primaryimage","url":"https:\/\/horizonrm.pl\/wp-content\/uploads\/2024\/08\/joel-filipe-GI_-TWgI5ao-unsplash-scaled.jpg","contentUrl":"https:\/\/horizonrm.pl\/wp-content\/uploads\/2024\/08\/joel-filipe-GI_-TWgI5ao-unsplash-scaled.jpg","width":1707,"height":2560},{"@type":"BreadcrumbList","@id":"https:\/\/horizonrm.pl\/?page_id=213#breadcrumb","itemListElement":[{"@type":"ListItem","position":1,"name":"Strona g\u0142\u00f3wna","item":"https:\/\/horizonrm.pl\/"},{"@type":"ListItem","position":2,"name":"Zarz\u0105dzanie Nieruchomo\u015bciami"}]},{"@type":"WebSite","@id":"https:\/\/horizonrm.pl\/#website","url":"https:\/\/horizonrm.pl\/","name":"Horizon RM Solutions Sp. z o.o.","description":"","publisher":{"@id":"https:\/\/horizonrm.pl\/#organization"},"potentialAction":[{"@type":"SearchAction","target":{"@type":"EntryPoint","urlTemplate":"https:\/\/horizonrm.pl\/?s={search_term_string}"},"query-input":{"@type":"PropertyValueSpecification","valueRequired":true,"valueName":"search_term_string"}}],"inLanguage":"pl-PL"},{"@type":"Organization","@id":"https:\/\/horizonrm.pl\/#organization","name":"Horizon RM Solutions Sp. z o.o.","url":"https:\/\/horizonrm.pl\/","logo":{"@type":"ImageObject","inLanguage":"pl-PL","@id":"https:\/\/horizonrm.pl\/#\/schema\/logo\/image\/","url":"https:\/\/horizonrm.pl\/wp-content\/uploads\/2026\/03\/Gemini_Generated_Image_w2q7m6w2q7m6w2q7-1-edited.png","contentUrl":"https:\/\/horizonrm.pl\/wp-content\/uploads\/2026\/03\/Gemini_Generated_Image_w2q7m6w2q7m6w2q7-1-edited.png","width":1901,"height":1603,"caption":"Horizon RM Solutions Sp. z o.o."},"image":{"@id":"https:\/\/horizonrm.pl\/#\/schema\/logo\/image\/"}}]}},"_links":{"self":[{"href":"https:\/\/horizonrm.pl\/index.php?rest_route=\/wp\/v2\/pages\/213","targetHints":{"allow":["GET"]}}],"collection":[{"href":"https:\/\/horizonrm.pl\/index.php?rest_route=\/wp\/v2\/pages"}],"about":[{"href":"https:\/\/horizonrm.pl\/index.php?rest_route=\/wp\/v2\/types\/page"}],"author":[{"embeddable":true,"href":"https:\/\/horizonrm.pl\/index.php?rest_route=\/wp\/v2\/users\/1"}],"replies":[{"embeddable":true,"href":"https:\/\/horizonrm.pl\/index.php?rest_route=%2Fwp%2Fv2%2Fcomments&post=213"}],"version-history":[{"count":2,"href":"https:\/\/horizonrm.pl\/index.php?rest_route=\/wp\/v2\/pages\/213\/revisions"}],"predecessor-version":[{"id":270,"href":"https:\/\/horizonrm.pl\/index.php?rest_route=\/wp\/v2\/pages\/213\/revisions\/270"}],"wp:attachment":[{"href":"https:\/\/horizonrm.pl\/index.php?rest_route=%2Fwp%2Fv2%2Fmedia&parent=213"}],"curies":[{"name":"wp","href":"https:\/\/api.w.org\/{rel}","templated":true}]}}